{"id":152,"date":"2015-12-06T19:32:44","date_gmt":"2015-12-06T18:32:44","guid":{"rendered":"http:\/\/www.diebuntenfinger.at\/home\/?page_id=152"},"modified":"2015-12-06T19:32:44","modified_gmt":"2015-12-06T18:32:44","slug":"warum-die-bunten-finger","status":"publish","type":"page","link":"http:\/\/www.diebuntenfinger.at\/home\/warum-die-bunten-finger\/","title":{"rendered":"Warum die bunten Finger?"},"content":{"rendered":"<div class=\"page-header\">\n<p style=\"text-align: justify;\">Die Mitarbeiter der Kindergruppe <strong>&#8222;Die Bunten Finger&#8220;<\/strong> sind besonders geschult im Umgang mit kleineren Kindern. Diese Einrichtung besch\u00e4ftigt ausschlie\u00dflich professionelles Personal. Sie und Ihr Kind haben es also in erster Linie mit ausgebildeten Kindergruppenbetreuerinnen zu tun.<\/p>\n<\/div>\n<div>\n<p style=\"text-align: justify;\">In der Kindergruppe bekommt Ihr Kleines Kontakt zu mehreren Kindern \u00e4hn<span class=\"text_exposed_show\">lichen Alters. Dieser Kontakt mit Spielkameraden f\u00f6rdert das soziale Lernen und gibt Ihrem Kind neue Anregungen. Es lernt auch, sich in eine Gruppe einzuf\u00fcgen: Der Tagesablauf &#8222;der bunten Finger&#8220; ist gut strukturiert, und es herrschen klare Regeln, die das Miteinander ordnen.<\/p>\n<p>&#8222;Die bunten Finger&#8220; bieten Ihrem Kind ein gr\u00f6\u00dferes Angebot an Spiel- und Bewegungsm\u00f6glichkeiten als Sie oder eine Tagesmutter. Die Kinder haben die M\u00f6glichkeit zu basteln, zu singen und auch sportlich aktiv zu sein. Zudem erlernt Ihr Spr\u00f6\u00dfling in spielerischer Art und Weise die englische Sprache.<\/p>\n<p>Ein weiteres Argument f\u00fcr &#8222;die bunten Finger&#8220;: Die Betreuung funktioniert zuverl\u00e4ssig und unabh\u00e4ngig davon, ob ein einzelner Betreuer ausf\u00e4llt oder erkrankt. Sollten Sie beabsichtigen, Ihr Kind sp\u00e4ter in einen Kindergarten zu geben, haben sie das Thema Eingew\u00f6hnung bereits abgeh<\/span>akt.<\/p>\n<\/div>\n","protected":false},"excerpt":{"rendered":"<p>Die Mitarbeiter der Kindergruppe &#8222;Die Bunten Finger&#8220; sind besonders geschult im Umgang mit kleineren Kindern. Diese Einrichtung besch\u00e4ftigt ausschlie\u00dflich professionelles Personal. Sie und Ihr Kind haben es also in erster Linie mit ausgebildeten Kindergruppenbetreuerinnen zu tun. In der Kindergruppe bekommt&hellip; <\/p>\n","protected":false},"author":1,"featured_media":0,"parent":0,"menu_order":0,"comment_status":"closed","ping_status":"closed","template":"","meta":{"footnotes":""},"class_list":["post-152","page","type-page","status-publish","hentry"],"_links":{"self":[{"href":"http:\/\/www.diebuntenfinger.at\/home\/wp-json\/wp\/v2\/pages\/152","targetHints":{"allow":["GET"]}}],"collection":[{"href":"http:\/\/www.diebuntenfinger.at\/home\/wp-json\/wp\/v2\/pages"}],"about":[{"href":"http:\/\/www.diebuntenfinger.at\/home\/wp-json\/wp\/v2\/types\/page"}],"author":[{"embeddable":true,"href":"http:\/\/www.diebuntenfinger.at\/home\/wp-json\/wp\/v2\/users\/1"}],"replies":[{"embeddable":true,"href":"http:\/\/www.diebuntenfinger.at\/home\/wp-json\/wp\/v2\/comments?post=152"}],"version-history":[{"count":1,"href":"http:\/\/www.diebuntenfinger.at\/home\/wp-json\/wp\/v2\/pages\/152\/revisions"}],"predecessor-version":[{"id":154,"href":"http:\/\/www.diebuntenfinger.at\/home\/wp-json\/wp\/v2\/pages\/152\/revisions\/154"}],"wp:attachment":[{"href":"http:\/\/www.diebuntenfinger.at\/home\/wp-json\/wp\/v2\/media?parent=152"}],"curies":[{"name":"wp","href":"https:\/\/api.w.org\/{rel}","templated":true}]}}