{"id":172,"date":"2015-12-06T23:01:56","date_gmt":"2015-12-06T22:01:56","guid":{"rendered":"http:\/\/www.diebuntenfinger.at\/home\/?page_id=172"},"modified":"2015-12-06T23:03:15","modified_gmt":"2015-12-06T22:03:15","slug":"morgenkreis","status":"publish","type":"page","link":"http:\/\/www.diebuntenfinger.at\/home\/konzept\/morgenkreis\/","title":{"rendered":"Morgenkreis"},"content":{"rendered":"<p style=\"text-align: justify;\">Der Morgenkreis<\/p>\n<p style=\"text-align: justify;\">Nach dem gemeinsamen Aufr\u00e4umen am Ende des Freispiels finden sich alle Kinder und Betreuerinnen in einem Morgenkreis zusammen. Wir sehen, wer an diesem Tag da ist zum Spielen, Toben und Lachen und wer fehlt. Wir z\u00e4hlen, wie viele Kinder, an diesem Tag anwesend sind. Jeder der m\u00f6chte, darf in unsrer Runde etwas erz\u00e4hlen und sich uns allen mitteilen. wir singen unser Begr\u00fc\u00dfungslied und besprechen, was wir an diesem Tag noch vorhaben.<\/p>\n<p style=\"text-align: justify;\">Durch das gemeinsame \u00dcberlegen, wer fehlt, verdeutlichen wir den Kindern, dass jeder ein Teil des Ganzen ist und durch sein Fehlen eine L\u00fccke entsteht. Jedes Kind wei\u00df, dass es, sollte es einmal nicht anwesend sein, im Morgenkreis ernannt und geachtet wird.<\/p>\n<p style=\"text-align: justify;\">Alle in unserer Kindergruppe erfahren ganz bewusst das Gef\u00fchl der Zusammengeh\u00f6rigkeit und der Gemeinschaft.<\/p>\n<p style=\"text-align: justify;\">In dieser Zeit geht es nicht um Vermittlung von Wissensinhalten, sondern um das Besinnen und Erkennen, dass Kinder frei macht f\u00fcr den Anderen. Der Morgenkreis ist in unserer Kindergruppe ein bestimmtes Ritual, das immer wiederkehrt und den Kindern Sicherhit und Geborgenheit gibt.<\/p>\n","protected":false},"excerpt":{"rendered":"<p>Der Morgenkreis Nach dem gemeinsamen Aufr\u00e4umen am Ende des Freispiels finden sich alle Kinder und Betreuerinnen in einem Morgenkreis zusammen. Wir sehen, wer an diesem Tag da ist zum Spielen, Toben und Lachen und wer fehlt. Wir z\u00e4hlen, wie viele&hellip; <\/p>\n","protected":false},"author":1,"featured_media":0,"parent":54,"menu_order":0,"comment_status":"closed","ping_status":"closed","template":"","meta":{"footnotes":""},"class_list":["post-172","page","type-page","status-publish","hentry"],"_links":{"self":[{"href":"http:\/\/www.diebuntenfinger.at\/home\/wp-json\/wp\/v2\/pages\/172","targetHints":{"allow":["GET"]}}],"collection":[{"href":"http:\/\/www.diebuntenfinger.at\/home\/wp-json\/wp\/v2\/pages"}],"about":[{"href":"http:\/\/www.diebuntenfinger.at\/home\/wp-json\/wp\/v2\/types\/page"}],"author":[{"embeddable":true,"href":"http:\/\/www.diebuntenfinger.at\/home\/wp-json\/wp\/v2\/users\/1"}],"replies":[{"embeddable":true,"href":"http:\/\/www.diebuntenfinger.at\/home\/wp-json\/wp\/v2\/comments?post=172"}],"version-history":[{"count":1,"href":"http:\/\/www.diebuntenfinger.at\/home\/wp-json\/wp\/v2\/pages\/172\/revisions"}],"predecessor-version":[{"id":174,"href":"http:\/\/www.diebuntenfinger.at\/home\/wp-json\/wp\/v2\/pages\/172\/revisions\/174"}],"up":[{"embeddable":true,"href":"http:\/\/www.diebuntenfinger.at\/home\/wp-json\/wp\/v2\/pages\/54"}],"wp:attachment":[{"href":"http:\/\/www.diebuntenfinger.at\/home\/wp-json\/wp\/v2\/media?parent=172"}],"curies":[{"name":"wp","href":"https:\/\/api.w.org\/{rel}","templated":true}]}}