{"id":50,"date":"2015-12-05T13:35:01","date_gmt":"2015-12-05T12:35:01","guid":{"rendered":"http:\/\/www.diebuntenfinger.at\/home\/?page_id=50"},"modified":"2026-03-30T17:26:19","modified_gmt":"2026-03-30T15:26:19","slug":"unsere-speisen","status":"publish","type":"page","link":"http:\/\/www.diebuntenfinger.at\/home\/ueber-uns\/unsere-speisen\/","title":{"rendered":"Unsere Speisen"},"content":{"rendered":"\n<div class=\"wp-block-group\"><div class=\"wp-block-group__inner-container is-layout-flow wp-block-group-is-layout-flow\">\n<div class=\"wp-block-group\"><div class=\"wp-block-group__inner-container is-layout-flow wp-block-group-is-layout-flow\">\n<div class=\"wp-block-group\"><div class=\"wp-block-group__inner-container is-layout-flow wp-block-group-is-layout-flow\">\n<p style=\"text-align: justify;\"><strong>Die richtige Ern\u00e4hrung Heranwachsender und Kinder unterscheidet sich ma\u00dfgeblich von der Ern\u00e4hrung Erwachsener.<\/strong><\/p>\n<p style=\"text-align: justify;\">Kinder haben ganz andere Bed\u00fcrfnisse als Erwachsene. Dennoch kann eine abwechslungsreiche Ern\u00e4hrung f\u00fcr alle Familienmitglieder gesund sein. Allerdings gibt es einige Punkte zu beachten, um Kindern die N\u00e4hrstoffe zuzuf\u00fchren, die sie im Wachstum ben\u00f6tigen.<\/p>\n<p style=\"text-align: justify;\">Wir haben uns viele verschiedene K\u00fcchen angeschaut und uns bewusst f\u00fcr die GOLDMEN\u00dc GmbH entschieden.<\/p>\n<p style=\"text-align: justify;\">Die Kindermen\u00fcs werden frisch zubereitet und tiefgek\u00fchlt geliefert. Tiefk\u00fchlen ist die Konservierungsmethode Nr. 1 und aus ern\u00e4hrungswissenschaftlicher Sicht eine der vorteilhaftesten Arten, Lebensmittel haltbar zu machen. Alle wichtigen N\u00e4hrstoffe und Vitamine, Aromen und der Geschmack bleiben optimal erhalten.<\/p>\n<p style=\"text-align: justify;\"><strong>Goldmen\u00fc steht seit jeher f\u00fcr ein hohes Reinheitsgebot.\u00a0<a href=\"http:\/\/www.diebuntenfinger.at\/wp-content\/uploads\/2015\/12\/Download1.jpg\"><img loading=\"lazy\" decoding=\"async\" class=\"size-medium wp-image-67 alignright\" src=\"http:\/\/www.diebuntenfinger.at\/wp-content\/uploads\/2015\/12\/Download1-300x152.jpg\" alt=\"Download\" width=\"300\" height=\"152\" srcset=\"http:\/\/www.diebuntenfinger.at\/wp-content\/uploads\/2015\/12\/Download1-300x152.jpg 300w, http:\/\/www.diebuntenfinger.at\/wp-content\/uploads\/2015\/12\/Download1.jpg 307w\" sizes=\"auto, (max-width: 300px) 100vw, 300px\" \/><\/a><br \/><\/strong><\/p>\n<ul>\n<li style=\"text-align: justify;\">KEINE Geschmacksverst\u00e4rker<\/li>\n<li style=\"text-align: justify;\">KEINE Konservierungsstoffe (ausgenommen Nitritp\u00f6kelsalz)<\/li>\n<li style=\"text-align: justify;\">KEINE k\u00fcnstlichen Farbstoffe<\/li>\n<li style=\"text-align: justify;\">KEINE k\u00fcnstlichen Aromastoffe<\/li>\n<\/ul>\n<hr \/>\n<p>GOLDMEN\u00dc verwendet vorwiegend heimische Produkte aus \u00d6sterreich. Dar\u00fcber hinaus achten wir auf Lieferanten mit hohem Anspruch an Nachhaltigkeit und Bewusstsein f\u00fcr Lebewesen und Natur. Gute Lieferanten und deren gute Zutaten sind nur dann \u201eGOLD wert\u201c.<\/p>\n<hr \/>\n<h5>Das gibt es bei uns\u00a0in den n\u00e4chsten Tagen zu essen<\/h5>\n<ul>\n<li style=\"list-style-type: none;\">\n<ul>\n<li><a href=\"http:\/\/www.diebuntenfinger.at\/wp-content\/uploads\/2026\/03\/Speiseplan_116_16-2026.pdf\">Speiseplan KW 16<\/a><\/li>\n<li><a href=\"http:\/\/www.diebuntenfinger.at\/wp-content\/uploads\/2026\/03\/Speiseplan_116_17-2026.pdf\">Speiseplan KW 17<\/a><\/li>\n<li><a href=\"http:\/\/www.diebuntenfinger.at\/wp-content\/uploads\/2026\/03\/Speiseplan_116_18-2026.pdf\">Speiseplan KW 18<\/a><\/li>\n<li><a href=\"http:\/\/www.diebuntenfinger.at\/wp-content\/uploads\/2026\/03\/Speiseplan_116_19-2026.pdf\">Speiseplan KW 19<\/a><\/li>\n<li><a href=\"http:\/\/www.diebuntenfinger.at\/wp-content\/uploads\/2026\/03\/Speiseplan_116_20-2026.pdf\">Speiseplan KW 20<\/a><\/li>\n<li><a href=\"http:\/\/www.diebuntenfinger.at\/wp-content\/uploads\/2026\/03\/Speiseplan_116_21-2026.pdf\">Speiseplan KW 21<\/a><\/li>\n<li><a href=\"http:\/\/www.diebuntenfinger.at\/wp-content\/uploads\/2026\/03\/Speiseplan_116_22-2026.pdf\">Speiseplan KW 22<\/a><\/li>\n<li><a href=\"http:\/\/www.diebuntenfinger.at\/wp-content\/uploads\/2026\/03\/Speiseplan_116_23-2026.pdf\">Speiseplan KW 23<\/a><\/li>\n<\/ul>\n<\/li>\n<\/ul>\n<ul>\n<li style=\"list-style-type: none;\">\n<ul>\n<li>die 14 kennzeichnungspflichtigen Allergene entsprechend mit Buchstaben gekennzeichnet. Eine Aufstellung der <a href=\"http:\/\/www.diebuntenfinger.at\/wp-content\/uploads\/2016\/02\/PlakatALLERGENE.pdf\" target=\"_blank\" rel=\"noopener noreferrer\"><strong>ALLERGENE<\/strong><\/a> haben wir nat\u00fcrlich in einer PDF f\u00fcr Sie vorbereitet.<\/li>\n<\/ul>\n<\/li>\n<\/ul>\n<\/div><\/div>\n<\/div><\/div>\n<\/div><\/div>\n","protected":false},"excerpt":{"rendered":"<p>Die richtige Ern\u00e4hrung Heranwachsender und Kinder unterscheidet sich ma\u00dfgeblich von der Ern\u00e4hrung Erwachsener. Kinder haben ganz andere Bed\u00fcrfnisse als Erwachsene. Dennoch kann eine abwechslungsreiche Ern\u00e4hrung f\u00fcr alle Familienmitglieder gesund sein. Allerdings gibt es einige Punkte zu beachten, um Kindern die&hellip; <\/p>\n","protected":false},"author":1,"featured_media":0,"parent":22,"menu_order":0,"comment_status":"closed","ping_status":"closed","template":"","meta":{"footnotes":""},"class_list":["post-50","page","type-page","status-publish","hentry"],"_links":{"self":[{"href":"http:\/\/www.diebuntenfinger.at\/home\/wp-json\/wp\/v2\/pages\/50","targetHints":{"allow":["GET"]}}],"collection":[{"href":"http:\/\/www.diebuntenfinger.at\/home\/wp-json\/wp\/v2\/pages"}],"about":[{"href":"http:\/\/www.diebuntenfinger.at\/home\/wp-json\/wp\/v2\/types\/page"}],"author":[{"embeddable":true,"href":"http:\/\/www.diebuntenfinger.at\/home\/wp-json\/wp\/v2\/users\/1"}],"replies":[{"embeddable":true,"href":"http:\/\/www.diebuntenfinger.at\/home\/wp-json\/wp\/v2\/comments?post=50"}],"version-history":[{"count":163,"href":"http:\/\/www.diebuntenfinger.at\/home\/wp-json\/wp\/v2\/pages\/50\/revisions"}],"predecessor-version":[{"id":1465,"href":"http:\/\/www.diebuntenfinger.at\/home\/wp-json\/wp\/v2\/pages\/50\/revisions\/1465"}],"up":[{"embeddable":true,"href":"http:\/\/www.diebuntenfinger.at\/home\/wp-json\/wp\/v2\/pages\/22"}],"wp:attachment":[{"href":"http:\/\/www.diebuntenfinger.at\/home\/wp-json\/wp\/v2\/media?parent=50"}],"curies":[{"name":"wp","href":"https:\/\/api.w.org\/{rel}","templated":true}]}}