{"id":88,"date":"2015-12-06T17:52:24","date_gmt":"2015-12-06T16:52:24","guid":{"rendered":"http:\/\/www.diebuntenfinger.at\/home\/?page_id=88"},"modified":"2017-05-12T16:43:45","modified_gmt":"2017-05-12T14:43:45","slug":"informationen","status":"publish","type":"page","link":"http:\/\/www.diebuntenfinger.at\/home\/informationen\/","title":{"rendered":"Informationen"},"content":{"rendered":"<h5 style=\"text-align: justify;\"><strong>Schnuppern ist f\u00fcr uns alle wichtig!<\/strong><\/h5>\n<p style=\"text-align: justify;\">Zu Beginn wirst du mit deiner Mama oder deinem Papa f\u00fcr ein paar Stunden und Tage bei uns sein und alles ganz genau beobachten k\u00f6nnen. Wenn es dir bei uns gef\u00e4llt, kannst du Mama und Papa ganz einfach nach Hause schicken.<\/p>\n<p style=\"text-align: justify;\">Die Aufnahme in die\u00a0<strong>&#8222;Kindergruppe Die bunten Finger&#8220;<\/strong>\u00a0ist ganz einfach &#8211; wenn ein Platz frei ist, kannst du jederzeit aufgenommen werden.<\/p>\n<p style=\"text-align: justify;\">Voraussetzung f\u00fcr die Aufnahme: Hauptwohnsitz Wien\/Nieder\u00f6sterreich und mind. 16 Betreuungsstunden\/Woche.<\/p>\n<hr \/>\n<h5 style=\"text-align: justify;\"><strong>Wen triffst du in der Kindergruppe?<\/strong><\/h5>\n<p style=\"text-align: justify;\">Die Bunten Finger sind f\u00fcr Kinder im Alter vom 0 bis zum 3 1\/2 Lebensjahren.<\/p>\n<blockquote>\n<p style=\"text-align: justify;\">In einer famili\u00e4ren Gruppe unterst\u00fctzen dich ausgebildete KindergruppenbetreuerInnen auf deinem Weg des Wachsens und Endeckens &#8211; das Tempo darfst nat\u00fcrlich du bestimmen!<\/p>\n<\/blockquote>\n<hr \/>\n<h5 style=\"text-align: justify;\"><strong>Kosten (<em>wichtige Information f\u00fcr Eltern<\/em>)<\/strong><\/h5>\n<p style=\"text-align: justify;\">Seit Ende 2009 gibt es f\u00fcr alle Kinder\/Eltern mit Hauptwohnsitz in Wien den Gratis Kindergarten. Wir erhalten von der Stadt Wien f\u00fcr die Betreuung pro Kind einen F\u00f6rderbeitrag. Unsere Kindergruppe bietet jedoch f\u00fcr Kinder ganz spezielle Zusatzleistungen an und ist aus diesem Grund nicht kostenlos!<\/p>\n<p style=\"text-align: justify;\">Unser Verein verfolgt jedoch eine wichtige Philosophie, die sich auf eine individuelle Betreuung und F\u00f6rderung der Kinder st\u00fctzt.<\/p>\n<hr \/>\n<h5><strong>Finanzielle Hilfen f\u00fcr Eltern<\/strong><\/h5>\n<blockquote>\n<p style=\"text-align: justify;\"><strong><em>Die Kosten f\u00fcr die Betreuung von Kindern k\u00f6nnen ab 01.01.2009 bis h\u00f6chstens \u20ac 2300,00 pro Kind und Kalenderjahr als au\u00dfergew\u00f6hnliche Belastung geltend gemacht werden. Absetzbar sind Kinderbetreuungskosten, welche ab dem 1. J\u00e4nner 2009 anfallen. Weitere Informationen und Bedingungen erhalten Sie bei Ihrem zust\u00e4ndigen <a href=\"https:\/\/www.bmf.gv.at\/steuern\/familien-kinder\/kinderbetreuungskosten.html\" target=\"_blank\">Finanzamt<\/a>.<\/em><\/strong><\/p>\n<\/blockquote>\n<blockquote>\n<p style=\"text-align: justify;\"><em><strong>F\u00fcr Familien gew\u00e4hrt die \u00a0Stadt Wien, deren Kind\/Kinder eine Betreuungseinrichtung (Kindergarten,\u00a0Kindergruppe oder Tageseltern) in Wien besucht\/besuchen als familienf\u00f6rdernde Ma\u00dfnahme eine Befreiung vom Essensbeitrag bis zu max. \u20ac 63,27\/Monat. F\u00fcr jedes Kind (von 0 Jahre bis zur Schulpflicht) ist ein Ansuchen zu stellen.<\/strong><\/em><\/p>\n<\/blockquote>\n<hr \/>\n<h5 style=\"text-align: justify;\"><strong>Unsere Zusatzleistungen im \u00dcberblick:<\/strong><\/h5>\n<ul>\n<li>individuelle und pers\u00f6nliche Betreuung<\/li>\n<li>kleine\u00a0und famili\u00e4re Gruppengr\u00f6\u00dfe<\/li>\n<li>3 BetreuerInnen f\u00fcr max. 14 Kinder<\/li>\n<li>gro\u00dfer Spielplatz im Innenhof (direkt vor der T\u00fcr)<\/li>\n<li>fast doppelt so viel Platz pro Kind als von der MA11 Wien gefordert und somit mehr Entfaltungsm\u00f6glichkeit f\u00fcr Kinder<\/li>\n<li>Bio-Essen (ohne Farbstoffe, ohne k\u00fcnstliche Zus\u00e4tze oder Geschmacksverst\u00e4rker)<\/li>\n<li>eigener Bewegungs- und Schlafraum (ideal f\u00fcr Kinder, die in Ruhe schlafen und Kinder die lieber aufbleiben m\u00f6chten)<\/li>\n<li>musische, rhythmische\u00a0und t\u00e4nzerische Bewegung<\/li>\n<li>kreatives Basteln<\/li>\n<li style=\"text-align: justify;\">Kinderwagen Abstellraum<\/li>\n<li style=\"text-align: justify;\">Fotomaterial mit eigenem Eltern LogIn<\/li>\n<\/ul>\n<h5><\/h5>\n<hr \/>\n<blockquote>\n<p style=\"text-align: justify;\"><strong>WICHTIG:<\/strong> Bei Neuanmeldung eines Kindes f\u00e4llt einmalig der nicht r\u00fcckzahlbare Kindergruppenbaustein (\u20ac 220,00) sowie einmalig eine Sicherheitskaution (\u20ac 170,00) an. <strong>Bitte beachten Sie, dass der Kindergruppenbaustein als Platzreservierung verrechnet wird<\/strong>. Sollte Ihr Kind die Kindergruppe doch nicht besuchen, wird dieser nicht zur\u00fcckerstattet. Die Kaution wird nur bei Einhaltung der dreimonatigen K\u00fcndigungsfrist, Anwesenheit w\u00e4hrend dieser Frist sowie keiner offenen Rechnungen zur\u00fcckbezahlt.<\/p>\n<\/blockquote>\n<p style=\"text-align: justify;\">Ausfl\u00fcge werden extra verrechnet und sind nicht inkludiert.<\/p>\n","protected":false},"excerpt":{"rendered":"<p>Schnuppern ist f\u00fcr uns alle wichtig! Zu Beginn wirst du mit deiner Mama oder deinem Papa f\u00fcr ein paar Stunden und Tage bei uns sein und alles ganz genau beobachten k\u00f6nnen. Wenn es dir bei uns gef\u00e4llt, kannst du Mama&hellip; <\/p>\n","protected":false},"author":1,"featured_media":0,"parent":0,"menu_order":0,"comment_status":"closed","ping_status":"closed","template":"","meta":{"footnotes":""},"class_list":["post-88","page","type-page","status-publish","hentry"],"_links":{"self":[{"href":"http:\/\/www.diebuntenfinger.at\/home\/wp-json\/wp\/v2\/pages\/88","targetHints":{"allow":["GET"]}}],"collection":[{"href":"http:\/\/www.diebuntenfinger.at\/home\/wp-json\/wp\/v2\/pages"}],"about":[{"href":"http:\/\/www.diebuntenfinger.at\/home\/wp-json\/wp\/v2\/types\/page"}],"author":[{"embeddable":true,"href":"http:\/\/www.diebuntenfinger.at\/home\/wp-json\/wp\/v2\/users\/1"}],"replies":[{"embeddable":true,"href":"http:\/\/www.diebuntenfinger.at\/home\/wp-json\/wp\/v2\/comments?post=88"}],"version-history":[{"count":21,"href":"http:\/\/www.diebuntenfinger.at\/home\/wp-json\/wp\/v2\/pages\/88\/revisions"}],"predecessor-version":[{"id":853,"href":"http:\/\/www.diebuntenfinger.at\/home\/wp-json\/wp\/v2\/pages\/88\/revisions\/853"}],"wp:attachment":[{"href":"http:\/\/www.diebuntenfinger.at\/home\/wp-json\/wp\/v2\/media?parent=88"}],"curies":[{"name":"wp","href":"https:\/\/api.w.org\/{rel}","templated":true}]}}