{"id":13,"date":"2015-12-05T11:08:00","date_gmt":"2015-12-05T10:08:00","guid":{"rendered":"http:\/\/www.diebuntenfinger.at\/startseite\/?page_id=13"},"modified":"2020-08-23T13:24:14","modified_gmt":"2020-08-23T11:24:14","slug":"home","status":"publish","type":"page","link":"https:\/\/www.diebuntenfinger.at\/home\/","title":{"rendered":"Start"},"content":{"rendered":"<blockquote>\n<p style=\"text-align: justify;\">Der gemeinn\u00fctzige Verein Kindergruppe \u201cDie Bunten Finger\u201d unterst\u00fctzt seit Anfang 2014 Eltern mit Kindern im Alter von 0 bis 3 \u00bd Jahren aus Wien und Nieder\u00f6sterreich. In unserer Kindergruppe k\u00f6nnen die Kinder die sch\u00f6nste Zeit ihres Lebens genie\u00dfen.<\/p>\n<\/blockquote>\n<p style=\"text-align: justify;\">Damit geben wir den Eltern die M\u00f6glichkeit, Beruf &amp; Familie zu verbinden. F\u00fcr die Gestaltung der Kindergruppe haben wir uns nat\u00fcrlich alle M\u00fche gegeben \u2013 damit es die Kinder gem\u00fctlich, interessant und abenteuerlich haben. Unser tolles Team von professionellen und motivierten Kindergruppenbetreuerinnen k\u00fcmmert sich f\u00fcrsorglich und individuell um jedes Kind.<\/p>\n<p style=\"text-align: justify;\">Unsere Kindergruppe verfolgt das \u201c3-S Motto\u201d \u2013 Spannung, Spa\u00df und Spiel das von \u201cE\u201dntdecken, \u201cL\u201dernen und \u201cV\u201derstehen unterst\u00fctzt wird.<\/p>\n<p style=\"text-align: justify;\">Aufgrund der besonderen Aufnahmef\u00e4higkeit des Kindes f\u00fchren wir in unserer Kindergruppe eine fr\u00fche Spracherziehung durch. Nachsprechen und Ein\u00fcben in einer kindgerechten Form ist ein Spiel und kein Unterricht in der Form, wie wir Erwachsene ihn wahrnehmen.<\/p>\n<p style=\"text-align: justify;\">Kinder in diesem Alter sind f\u00fcr alles aufgeschlossen. Aus diesem Grund wird hier der Grundstein f\u00fcr Verst\u00e4ndnis und die Wertsch\u00e4tzung gegen\u00fcber verschiedenster Sprachen und Kulturen gelegt.<\/p>\n<p style=\"text-align: justify;\">Wir verfolgen das \u201ceine Person \u2013 eine Sprache \u2013 Prinzip\u201d. Wir\u00a0erlernen in spielerischer Besch\u00e4ftigung einige Vokabeln, die in unserem Morgenkreis oder in unserer musischen Bildung einflie\u00dfen werden.<\/p>\n<p style=\"text-align: justify;\">Mit den folgenden Seiten, m\u00f6chten wir Ihr Interesse an unserer Kindergruppe wecken und Ihnen die M\u00f6glichkeit geben sich n\u00e4her \u00fcber uns zu informieren. Wir empfehlen Ihnen mit den Seiten \u201cKonzept\u201d zu beginnen.<\/p>\n<p style=\"text-align: justify;\"><span style=\"color: #ffffff;\">.<\/span><\/p>\n<h5 style=\"text-align: justify;\">Wir freuen uns auf Sie und Ihr Kind!<\/h5>\n<hr \/>\n<blockquote>\n<h5>&#8222;Wo Ihr Kind daheim ist, wenn es nicht daheim ist!&#8220;<\/h5>\n<\/blockquote>\n<p>&nbsp;<\/p>\n<p><a href=\"http:\/\/www.diebuntenfinger.at\/wp-content\/uploads\/2015\/12\/KiGru-Kinder-Schrift.jpg\"><img loading=\"lazy\" decoding=\"async\" class=\"alignnone wp-image-491 size-full\" src=\"http:\/\/www.diebuntenfinger.at\/wp-content\/uploads\/2015\/12\/KiGru-Kinder-Schrift.jpg\" alt=\"KiGru Kinder Schrift\" width=\"1909\" height=\"729\" srcset=\"https:\/\/www.diebuntenfinger.at\/wp-content\/uploads\/2015\/12\/KiGru-Kinder-Schrift.jpg 1909w, https:\/\/www.diebuntenfinger.at\/wp-content\/uploads\/2015\/12\/KiGru-Kinder-Schrift-300x115.jpg 300w, https:\/\/www.diebuntenfinger.at\/wp-content\/uploads\/2015\/12\/KiGru-Kinder-Schrift-768x293.jpg 768w, https:\/\/www.diebuntenfinger.at\/wp-content\/uploads\/2015\/12\/KiGru-Kinder-Schrift-1024x391.jpg 1024w\" sizes=\"auto, (max-width: 1909px) 100vw, 1909px\" \/><\/a><\/p>\n<p>&nbsp;<\/p>\n","protected":false},"excerpt":{"rendered":"<p>Der gemeinn\u00fctzige Verein Kindergruppe \u201cDie Bunten Finger\u201d unterst\u00fctzt seit Anfang 2014 Eltern mit Kindern im Alter von 0 bis 3 \u00bd Jahren aus Wien und Nieder\u00f6sterreich. In unserer Kindergruppe k\u00f6nnen die Kinder die sch\u00f6nste Zeit ihres Lebens genie\u00dfen. Damit geben&hellip; <\/p>\n","protected":false},"author":1,"featured_media":0,"parent":763,"menu_order":0,"comment_status":"closed","ping_status":"closed","template":"","meta":{"footnotes":""},"class_list":["post-13","page","type-page","status-publish","hentry"],"_links":{"self":[{"href":"https:\/\/www.diebuntenfinger.at\/home\/wp-json\/wp\/v2\/pages\/13","targetHints":{"allow":["GET"]}}],"collection":[{"href":"https:\/\/www.diebuntenfinger.at\/home\/wp-json\/wp\/v2\/pages"}],"about":[{"href":"https:\/\/www.diebuntenfinger.at\/home\/wp-json\/wp\/v2\/types\/page"}],"author":[{"embeddable":true,"href":"https:\/\/www.diebuntenfinger.at\/home\/wp-json\/wp\/v2\/users\/1"}],"replies":[{"embeddable":true,"href":"https:\/\/www.diebuntenfinger.at\/home\/wp-json\/wp\/v2\/comments?post=13"}],"version-history":[{"count":22,"href":"https:\/\/www.diebuntenfinger.at\/home\/wp-json\/wp\/v2\/pages\/13\/revisions"}],"predecessor-version":[{"id":734,"href":"https:\/\/www.diebuntenfinger.at\/home\/wp-json\/wp\/v2\/pages\/13\/revisions\/734"}],"up":[{"embeddable":true,"href":"https:\/\/www.diebuntenfinger.at\/home\/wp-json\/wp\/v2\/pages\/763"}],"wp:attachment":[{"href":"https:\/\/www.diebuntenfinger.at\/home\/wp-json\/wp\/v2\/media?parent=13"}],"curies":[{"name":"wp","href":"https:\/\/api.w.org\/{rel}","templated":true}]}}