{"id":191,"date":"2015-12-06T23:54:48","date_gmt":"2015-12-06T22:54:48","guid":{"rendered":"http:\/\/www.diebuntenfinger.at\/home\/?page_id=191"},"modified":"2016-12-01T13:09:46","modified_gmt":"2016-12-01T12:09:46","slug":"das-sagen-eltern","status":"publish","type":"page","link":"https:\/\/www.diebuntenfinger.at\/home\/warum-die-bunten-finger\/das-sagen-eltern\/","title":{"rendered":"Das sagen Eltern!"},"content":{"rendered":"<blockquote><p><strong>Margreth und Sebastian S.<\/strong><\/p>\n<p style=\"text-align: justify;\">Wir sind wirklich sehr zufrieden. Unsere Kleine f\u00fchlt sich sehr wohl und sie hat sich sehr schnell eingew\u00f6hnt. Man merkt das einfach jeden Morgen wenn man sie hinbringt, sie verabschiedet sich von mir und rennt gleich zu einer Betreuerin oder ist neugierig welche Kinder schon da sind. Wir sehen auch gro\u00dfe Entwicklungsfortschritte &#8211; sie ist offener und liebt es unter Kindern zu sein, sie hat auch angefangen bissi zu sprechen \ud83d\ude42 danke f\u00fcr alles!<\/p>\n<\/blockquote>\n<blockquote><p><strong>Martina F.<\/strong><\/p>\n<p style=\"text-align: justify;\">&#8220; Wo dein Kind Zuhause ist wenn es nicht Zuhause ist&#8230;wir sind wirklich sehr zufrieden! Top-Betreuung, einfach alles Top! Beste Entscheidung die wir f\u00fcr unseren Felix treffen konnten.&#8220;<\/p>\n<\/blockquote>\n<blockquote><p><strong>Martina und Sascha P.<\/strong><\/p>\n<p style=\"text-align: justify;\">&#8222;Ich pers\u00f6nlich kann die Einrichtung w\u00e4rmstens empfehlen und jedem ans Herz legen. Die Betreuer sind sehr kompetent und stehen mit Rat und Tat bei jedem Problem zur Seite. Sie gehen super auf die Bed\u00fcrfnisse der Kleinen ein und geben sich sehr viel M\u00fche! die R\u00e4umlichkeiten sind top und f\u00fcr jeden ist was dabei \ud83d\ude42 Die Kinderkrippe ist einfach nur top und anschauen lohnt sich auf alle F\u00e4lle.&#8220; \ud83d\ude42<\/p>\n<\/blockquote>\n<blockquote><p><strong>Melissa S.<\/strong><\/p>\n<p style=\"text-align: justify;\">Ich bin so froh das ich die Kindergruppe &#8222;Die Bunten Finger&#8220; gefunden habe. Unser Sohn f\u00fchlt sich total wohl. Die Einrichtung im Kindergarten ist sehr bunt &amp; bringt Freude. Ich kann die &#8222;Die Bunten Finger&#8220; kigru nur weiterempfehlen! Wo das Kind sich zuhause f\u00fchlt wenn es nicht zuhause ist \u2764\ufe0f<\/p>\n<\/blockquote>\n<blockquote><p><strong>Tina und Christian V.<\/strong><\/p>\n<p style=\"text-align: justify;\">Hallo liebes Bunte Finger Team! Wir sind noch nicht so lange bei Euch, aber wir haben das Gef\u00fchl euch schon ewig zu kennen und das spiegelt sich auch in der Betreuung unseres Sohnes wieder. Trotz anf\u00e4nglicher Holpersteine haben wir das Gef\u00fchl das der kleine Mann sich jetzt richtig wohl in eurer kleinen Familie f\u00fchlt. Eure Kreativit\u00e4t und Ideenreichtum in der Arbeit mit unseren Kindern l\u00e4sst die Gruppe erbl\u00fchen. Toll sind auch die Fotos an denen wir t\u00e4glich miterleben d\u00fcrfen wieviel Spa\u00df ihr beim gemeinsamen spielen, basteln und Sport habt. Ebenfalls hab ich das Gef\u00fchl das den Kindern der fast t\u00e4gliche Spaziergang mit dem &#8222;Riesen-Buggy&#8220; viel Freude bereitet. Macht weiter so! Liebe Gr\u00fc\u00dfe Tina<\/p>\n<\/blockquote>\n<blockquote><p><strong>Familie J.<\/strong><\/p>\n<p style=\"text-align: justify;\">Liebes Team der Bunten Finger, wir sind zwar noch frisch bei euch, jedoch muss ich sagen, dass wir uns von Anfang an wohl f\u00fchlen. Man sieht, ihr seid wirklich ein Team \ud83d\ude42 Jeder hat St\u00e4rken, diese setzt ihr bei der Betreuung ein. Danke an Natascha f\u00fcr die kreative F\u00f6rderung unserer Emily, danke an Christina f\u00fcr das da sein, Ihre Art und Weise passt glaube ich meiner Tochter sehr, danke an Romana f\u00fcr die musische und rhythmische Erziehung, ich merke seitdem die Emily in die KiGru geht, h\u00fcpft sie viel mehr herum \ud83d\ude42 und hat Spa\u00df dabei. Nat\u00fcrlich Danke auch an Nathalie und Andreas, ihr seid auch toll! Da wir erst nur kurz dabei sind, hatten wir noch nicht viel M\u00f6glichkeit, andere Eltern kennen zu lernen, aber das kommt bestimmt noch \ud83d\ude42 &#8211; sp\u00e4testens bei dem n\u00e4chsten Elternabend oder Festchen. Uns ist unheimlich wichtig, dass unsere Tochter bei euch daheim ist, wenn sie nicht daheim ist, so wie ihr es auch bewirbt. Ich glaube, ihr zweites Zuhause hat sie wohl bei euch gefunden, danke daf\u00fcr und hoffe, dies wird sich auch in der Zukunft nicht \u00e4ndern. Wir w\u00fcnschen euch frohe Weihnachten, einen guten Rutsch in ein erfolgreiches neues Jahr.<\/p>\n<\/blockquote>\n<blockquote><p><strong>Claudia und J\u00fcrgen H.<\/strong><\/p>\n<p>Wir haben lange nach einer geeigneten Kindergruppe f\u00fcr unseren Sohn gesucht und bei den bunten Fingern gefunden!!! Die R\u00e4umlichkeiten sind mit viel Liebe wundersch\u00f6n eingerichtet, es ist immer sehr sauber und die Spielsachen neu und vielf\u00e4ltig! Aber das Wichtigste: die Kinder werden respektvoll und mit viel Liebe behandelt! Ich kann die Gruppe nur weiterempfehlen!<\/p><\/blockquote>\n<blockquote><p><strong>Johanna W.<\/strong><\/p>\n<p>&#8222;Die richtige Adresse f\u00fcr Kinderbetreuung, da steckt viel Begeisterung dahinter.&#8220;<\/p><\/blockquote>\n<blockquote><p><strong>Christine P.<\/strong><\/p>\n<p style=\"text-align: justify;\">&#8222;Sehr nette, freundliche und kompetente Mitarbeiter, eine Kindergruppe zum weiterempfehlen.&#8220;<\/p>\n<\/blockquote>\n<blockquote><p><strong>Sabrina F.<\/strong><\/p>\n<p>&#8222;Die Bunten Finger waren f\u00fcr meinen Sohn die beste Entscheidung die wir treffen konnten. Seine ersten zwei Kindergruppenjahre hat er dort wirklich sch\u00f6n, lustig und liebevoll verbringen d\u00fcrfen. Er ist immer gerne hingekommen, da so einf\u00fchlsam auf jedes einzelne Kind eingegangen wurde. Wir hoffen dass es im &#8222;gro\u00dfen Kindergarten&#8220; auch so toll wird.&#8220;<\/p><\/blockquote>\n<blockquote><p><strong>engerl2000<\/strong><\/p>\n<p>&#8222;Wir k\u00f6nnen die Einrichtung nur w\u00e4rmstens weiterempfehlen. Sowohl die Betreuer, als auch die Einrichtung sind einfach top. Anschauen lohnt sich auf alle F\u00e4lle!!!!&#8220;<\/p><\/blockquote>\n<blockquote><p><strong>ramona.weilguni<\/strong><\/p>\n<p>&#8222;Auf der Suche nach einem Betreuungsplatz f\u00fcr unseren Sohn waren wir schon der Verzweiflung nahe, doch mit den Bunten Fingern haben wir nicht nur eine Betreuung sondern auch ein 2 zu Hause f\u00fcr unseren Sohn gefunden. Er f\u00fchlt sich sehr wohl und es wird auch individuell auf seine Bed\u00fcrfnisse eingegangen und das von Anfang an und jeden Tag! Bei Betreuerinnen der Bunten Fingern stehen liebevoller, geduldiger und verst\u00e4ndnisvoller Umgang an der Tagesordnung. Auch finde ich das gesunde Essen (bio, ohne Konservierungsstoffe,etc) einfach top und dass sie mit den Krippenkindern auch regelm\u00e4\u00dfig hinaus an die frische Luft gehen und Ausfl\u00fcge machen hat uns \u00fcberzeugt. Au\u00dferdem wird auf eine offene und direkte Kommunikation zwischen Betreuerinnen und Eltern wert gelegt und sie stehen einem auch privat mit Rat&amp;Tat zur Seite. Die Bunten Finger waren die beste Entscheidung f\u00fcr unseren Sohn!&#8220;<\/p><\/blockquote>\n<blockquote><p><strong>T Y<\/strong><\/p>\n<p>&#8222;Ich kann die Kindergruppe &#8222;Die bunten Finger&#8220; einfach nur jedem Elternpaar von ganzem Herzen empfehlen. Schon bei der Besichtigung war f\u00fcr mich klar, das mein Kind diese Betreuungseinrichtung besuchen wird. Die Leitung der Kindergruppe f\u00fchrte uns durch die R\u00e4umlichkeiten, nahm sich f\u00fcr jede einzelne Frage die ich ihr stelle gen\u00fcgend Zeit und machte f\u00fcr mich einen besonders lieben und sympathischen Eindruck. Ich habe feststellen k\u00f6nnen, dass hier mit sehr viel Liebe gearbeitet wird und das Wohl jedes einzelnen Kindes an erster Stelle steht. Somit stand f\u00fcr mich fest, dass es f\u00fcr mein Kind nur eine Betreuungseinrichtung gibt, die in Frage kommt und das sind &#8220; Die bunten Finger&#8220; In der Zwischenzeit durften wir auch schon mal einen halben Tag hineinschnuppern und es hat ich wie erwartet best\u00e4tigt, dass diese Betreuungseinrichtung einfach TOP ist.&#8220;<\/p><\/blockquote>\n<blockquote><p><strong>lianst.0019<\/strong><\/p>\n<p>&#8222;Ich bin mit der Kindergruppe mehr als zufrieden,sie sind zu unserem Sohn sehr freundlich und er geht sehr gerne in den Kindergarten&#8230;ich kann Die Bunten Finger nur weiter EMPFEHLEN. Danke f\u00fcr alles meine lieben!!!&#8220;<\/p><\/blockquote>\n<p>&nbsp;<\/p>\n<p>&nbsp;<\/p>\n","protected":false},"excerpt":{"rendered":"<p>Margreth und Sebastian S. Wir sind wirklich sehr zufrieden. Unsere Kleine f\u00fchlt sich sehr wohl und sie hat sich sehr schnell eingew\u00f6hnt. Man merkt das einfach jeden Morgen wenn man sie hinbringt, sie verabschiedet sich von mir und rennt gleich&hellip; <\/p>\n","protected":false},"author":1,"featured_media":0,"parent":152,"menu_order":0,"comment_status":"closed","ping_status":"closed","template":"","meta":{"footnotes":""},"class_list":["post-191","page","type-page","status-publish","hentry"],"_links":{"self":[{"href":"https:\/\/www.diebuntenfinger.at\/home\/wp-json\/wp\/v2\/pages\/191","targetHints":{"allow":["GET"]}}],"collection":[{"href":"https:\/\/www.diebuntenfinger.at\/home\/wp-json\/wp\/v2\/pages"}],"about":[{"href":"https:\/\/www.diebuntenfinger.at\/home\/wp-json\/wp\/v2\/types\/page"}],"author":[{"embeddable":true,"href":"https:\/\/www.diebuntenfinger.at\/home\/wp-json\/wp\/v2\/users\/1"}],"replies":[{"embeddable":true,"href":"https:\/\/www.diebuntenfinger.at\/home\/wp-json\/wp\/v2\/comments?post=191"}],"version-history":[{"count":11,"href":"https:\/\/www.diebuntenfinger.at\/home\/wp-json\/wp\/v2\/pages\/191\/revisions"}],"predecessor-version":[{"id":355,"href":"https:\/\/www.diebuntenfinger.at\/home\/wp-json\/wp\/v2\/pages\/191\/revisions\/355"}],"up":[{"embeddable":true,"href":"https:\/\/www.diebuntenfinger.at\/home\/wp-json\/wp\/v2\/pages\/152"}],"wp:attachment":[{"href":"https:\/\/www.diebuntenfinger.at\/home\/wp-json\/wp\/v2\/media?parent=191"}],"curies":[{"name":"wp","href":"https:\/\/api.w.org\/{rel}","templated":true}]}}