{"id":22,"date":"2015-12-05T12:34:46","date_gmt":"2015-12-05T11:34:46","guid":{"rendered":"http:\/\/www.diebuntenfinger.at\/home\/?page_id=22"},"modified":"2017-05-12T16:42:51","modified_gmt":"2017-05-12T14:42:51","slug":"ueber-uns","status":"publish","type":"page","link":"https:\/\/www.diebuntenfinger.at\/home\/ueber-uns\/","title":{"rendered":"\u00dcber uns"},"content":{"rendered":"<blockquote><p>&#8222;Unsere Zukunft sind unsere Kinder. Also was auf dieser Welt sollte wichtiger sein?&#8220; fragte sich Romana Goldberg &#8211; und er\u00f6ffnete am 05.05.2014 eine private Kindergruppe in Wien Donaustadt.<\/p><\/blockquote>\n<p style=\"text-align: justify;\">Seit Mai 2014 verschaffen &#8222;Die Bunten Finger&#8220; Kindern im Alter von 0-3,5 Jahren reichhaltige Bildungs- und Entwicklungsm\u00f6glichkeiten. Talente, aber auch Defizite werden durch unsere kompetenten und einf\u00fchlsamen BetreuerInnen fr\u00fchzeitig in kleinen Gruppen erkannt &#8211; f\u00fcr einen guten Start ins Leben. Bekanntlich sind die ersten sechs Lebensjahre f\u00fcr die sp\u00e4tere Pers\u00f6nlichkeitsbildung entscheidend.<\/p>\n<p style=\"text-align: justify;\"><img loading=\"lazy\" decoding=\"async\" class=\"alignleft wp-image-591 size-medium\" src=\"http:\/\/www.diebuntenfinger.at\/wp-content\/uploads\/2016\/04\/Fotolia_25552293_SNEU-300x184.jpg\" alt=\"Kreativ\" width=\"300\" height=\"184\" srcset=\"https:\/\/www.diebuntenfinger.at\/wp-content\/uploads\/2016\/04\/Fotolia_25552293_SNEU-300x184.jpg 300w, https:\/\/www.diebuntenfinger.at\/wp-content\/uploads\/2016\/04\/Fotolia_25552293_SNEU-768x470.jpg 768w, https:\/\/www.diebuntenfinger.at\/wp-content\/uploads\/2016\/04\/Fotolia_25552293_SNEU.jpg 813w\" sizes=\"auto, (max-width: 300px) 100vw, 300px\" \/>Im Mittelpunkt unserer Kindergruppe steht das Kind als aktives, forschendes und die eigene Entwicklung vorantreibendes Wesen. Wir m\u00f6chten mit unserer Arbeit \u00fcberzeugen und Eltern daf\u00fcr begeistern, uns Ihr Kind anzuvertrauen.<\/p>\n<p style=\"text-align: justify;\">Das unsere Einrichtung inhaltlich und formal gut aufgestellt ist und welche wichtigen Voraussetzungen hier geboten werden, soll unser P\u00e4dagogisches Konzept verdeutlichen.<\/p>\n<p style=\"text-align: justify;\">Wir machen viele Naturausfl\u00fcge, spielen, tanzen, turnen und noch viel mehr. Bewegung steht in unserer Kindergruppe an erster Stelle.\u00a0Unsere Kindergruppe verfolgt das Hauptziel, das Kind in seiner Entwicklung umfassend und grundlegend zu f\u00f6rdern. Dabei ber\u00fccksichtigen wir soziokulturelle, gesellschaftliche und entwicklungspsychologische Faktoren.<\/p>\n<p style=\"text-align: justify;\">Jedes Kind ist f\u00fcr uns eine wertvolle, zu sch\u00e4tzende und ernstzunehmende Pers\u00f6nlichkeit, die wir in ihrer Entfaltung unterst\u00fctzen.<\/p>\n","protected":false},"excerpt":{"rendered":"<p>&#8222;Unsere Zukunft sind unsere Kinder. Also was auf dieser Welt sollte wichtiger sein?&#8220; fragte sich Romana Goldberg &#8211; und er\u00f6ffnete am 05.05.2014 eine private Kindergruppe in Wien Donaustadt. Seit Mai 2014 verschaffen &#8222;Die Bunten Finger&#8220; Kindern im Alter von 0-3,5&hellip; <\/p>\n","protected":false},"author":1,"featured_media":0,"parent":0,"menu_order":0,"comment_status":"closed","ping_status":"closed","template":"","meta":{"footnotes":""},"class_list":["post-22","page","type-page","status-publish","hentry"],"_links":{"self":[{"href":"https:\/\/www.diebuntenfinger.at\/home\/wp-json\/wp\/v2\/pages\/22","targetHints":{"allow":["GET"]}}],"collection":[{"href":"https:\/\/www.diebuntenfinger.at\/home\/wp-json\/wp\/v2\/pages"}],"about":[{"href":"https:\/\/www.diebuntenfinger.at\/home\/wp-json\/wp\/v2\/types\/page"}],"author":[{"embeddable":true,"href":"https:\/\/www.diebuntenfinger.at\/home\/wp-json\/wp\/v2\/users\/1"}],"replies":[{"embeddable":true,"href":"https:\/\/www.diebuntenfinger.at\/home\/wp-json\/wp\/v2\/comments?post=22"}],"version-history":[{"count":14,"href":"https:\/\/www.diebuntenfinger.at\/home\/wp-json\/wp\/v2\/pages\/22\/revisions"}],"predecessor-version":[{"id":852,"href":"https:\/\/www.diebuntenfinger.at\/home\/wp-json\/wp\/v2\/pages\/22\/revisions\/852"}],"wp:attachment":[{"href":"https:\/\/www.diebuntenfinger.at\/home\/wp-json\/wp\/v2\/media?parent=22"}],"curies":[{"name":"wp","href":"https:\/\/api.w.org\/{rel}","templated":true}]}}