{"id":258,"date":"2015-12-08T22:19:32","date_gmt":"2015-12-08T21:19:32","guid":{"rendered":"http:\/\/www.diebuntenfinger.at\/home\/?page_id=258"},"modified":"2015-12-08T22:20:51","modified_gmt":"2015-12-08T21:20:51","slug":"rollenspiele","status":"publish","type":"page","link":"https:\/\/www.diebuntenfinger.at\/home\/rollenspiele\/","title":{"rendered":"Rollenspiele"},"content":{"rendered":"<p>Kinder lieben es, ab und zu jemand anderes zu sein. Kleine M\u00e4dchen m\u00f6chten gern einmal als Prinzessin durch ein Schloss stolzieren und Jungs vielleicht als unerschrockener Ritter die Welt erobern. Kinder erleben durch das Rollenspiel aber nicht nur die Fantasiewelten, sondern spielen auch den Alltag nach! Rollenspiele machen nicht nur <strong>Spa\u00df<\/strong>, sie erm\u00f6glichen den Kindern und uns auch mal einen anderen Blick auf die Dinge zu werfen.<\/p>\n<blockquote><p>Au\u00dferdem sind sie auch ein <strong>wichtiges Training<\/strong> f\u00fcr unterschiedliche <strong>soziale F\u00e4higkeiten<\/strong>.<\/p><\/blockquote>\n<p>In Rollenspielen machen die Kinder wichtige Erfahrungen. Durch das Nachspielen von Alltagssituationen entwickeln sie Verst\u00e4ndnis f\u00fcr die Welt der Erwachsenen und k\u00f6nnen deren Verhaltensweisen studieren. So lernen sie spielerisch, sich in andere hineinzuversetzen. Gleicherma\u00dfen trainiert das \u00dcbernehmen einer Rolle die Kinder darin, Regeln einzuhalten und ein besseres <strong>Verst\u00e4ndnis<\/strong> f\u00fcr deren Notwendigkeit zu entwickeln.<\/p>\n<p>Die Entwicklung sozialer F\u00e4higkeiten wird unterst\u00fctzt. So m\u00fcssen sich die Kinder \u00fcber die Rollenverteilung einigen und lernen dabei, eigene Ideen zu \u00e4u\u00dfern und Kompromisse zu schlie\u00dfen. Beim Zusammenspiel mit anderen, \u00fcben Kinder au\u00dferdem sich besser auszudr\u00fccken. Ihre <strong>Sprachf\u00e4higkeit<\/strong> wird gef\u00f6rdert, ebenso wie ihre <strong>Fantasie<\/strong> und <strong>Kreativit\u00e4t<\/strong>.<\/p>\n","protected":false},"excerpt":{"rendered":"<p>Kinder lieben es, ab und zu jemand anderes zu sein. Kleine M\u00e4dchen m\u00f6chten gern einmal als Prinzessin durch ein Schloss stolzieren und Jungs vielleicht als unerschrockener Ritter die Welt erobern. Kinder erleben durch das Rollenspiel aber nicht nur die Fantasiewelten,&hellip; <\/p>\n","protected":false},"author":1,"featured_media":0,"parent":0,"menu_order":0,"comment_status":"closed","ping_status":"closed","template":"","meta":{"footnotes":""},"class_list":["post-258","page","type-page","status-publish","hentry"],"_links":{"self":[{"href":"https:\/\/www.diebuntenfinger.at\/home\/wp-json\/wp\/v2\/pages\/258","targetHints":{"allow":["GET"]}}],"collection":[{"href":"https:\/\/www.diebuntenfinger.at\/home\/wp-json\/wp\/v2\/pages"}],"about":[{"href":"https:\/\/www.diebuntenfinger.at\/home\/wp-json\/wp\/v2\/types\/page"}],"author":[{"embeddable":true,"href":"https:\/\/www.diebuntenfinger.at\/home\/wp-json\/wp\/v2\/users\/1"}],"replies":[{"embeddable":true,"href":"https:\/\/www.diebuntenfinger.at\/home\/wp-json\/wp\/v2\/comments?post=258"}],"version-history":[{"count":1,"href":"https:\/\/www.diebuntenfinger.at\/home\/wp-json\/wp\/v2\/pages\/258\/revisions"}],"predecessor-version":[{"id":260,"href":"https:\/\/www.diebuntenfinger.at\/home\/wp-json\/wp\/v2\/pages\/258\/revisions\/260"}],"wp:attachment":[{"href":"https:\/\/www.diebuntenfinger.at\/home\/wp-json\/wp\/v2\/media?parent=258"}],"curies":[{"name":"wp","href":"https:\/\/api.w.org\/{rel}","templated":true}]}}