{"id":54,"date":"2015-12-05T16:49:37","date_gmt":"2015-12-05T15:49:37","guid":{"rendered":"http:\/\/www.diebuntenfinger.at\/home\/?page_id=54"},"modified":"2016-01-21T22:02:33","modified_gmt":"2016-01-21T21:02:33","slug":"konzept","status":"publish","type":"page","link":"https:\/\/www.diebuntenfinger.at\/home\/konzept\/","title":{"rendered":"Konzept"},"content":{"rendered":"<p>Unser\u00a0Konzept soll als Richtlinie f\u00fcr die gemeinsame Arbeit in unserer Kindergruppe\u00a0betrachtet werden. Es wurde erstellt f\u00fcr die Mitarbeiterinnen, Eltern, Aufsichtsbeh\u00f6rde und f\u00fcr alle, die an unserer Arbeit interessiert sind.<\/p>\n<blockquote><p>Wir arbeiten\u00a0generell an einer st\u00e4ndigen Verbesserung und Sicherung der bestehenden Qualit\u00e4tsstandards.<\/p><\/blockquote>\n<p style=\"text-align: justify;\">Auf den folgenden Seiten erhalten\u00a0Sie\u00a0Infos zur Elternarbeit, dem Freispiel, dem allt\u00e4glichen Morgenkreis und unseren Rollenspielen in der Gruppe.<\/p>\n<p style=\"text-align: justify;\">Informieren Sie sich und lernen Sie mit Ihren Kindern den Tagesablauf der &#8222;bunten Finger&#8220; kennen. Wir laden Sie aber auch recht herzlich in unsere Kindergruppe ein, um ein pers\u00f6nliches Gespr\u00e4ch f\u00fchren und Ihnen unsere Kindergruppe vorstellen zu k\u00f6nnen.<\/p>\n<hr \/>\n<p style=\"text-align: justify;\">\n","protected":false},"excerpt":{"rendered":"<p>Unser\u00a0Konzept soll als Richtlinie f\u00fcr die gemeinsame Arbeit in unserer Kindergruppe\u00a0betrachtet werden. Es wurde erstellt f\u00fcr die Mitarbeiterinnen, Eltern, Aufsichtsbeh\u00f6rde und f\u00fcr alle, die an unserer Arbeit interessiert sind. Wir arbeiten\u00a0generell an einer st\u00e4ndigen Verbesserung und Sicherung der bestehenden Qualit\u00e4tsstandards.&hellip; <\/p>\n","protected":false},"author":1,"featured_media":0,"parent":0,"menu_order":0,"comment_status":"closed","ping_status":"closed","template":"","meta":{"footnotes":""},"class_list":["post-54","page","type-page","status-publish","hentry"],"_links":{"self":[{"href":"https:\/\/www.diebuntenfinger.at\/home\/wp-json\/wp\/v2\/pages\/54","targetHints":{"allow":["GET"]}}],"collection":[{"href":"https:\/\/www.diebuntenfinger.at\/home\/wp-json\/wp\/v2\/pages"}],"about":[{"href":"https:\/\/www.diebuntenfinger.at\/home\/wp-json\/wp\/v2\/types\/page"}],"author":[{"embeddable":true,"href":"https:\/\/www.diebuntenfinger.at\/home\/wp-json\/wp\/v2\/users\/1"}],"replies":[{"embeddable":true,"href":"https:\/\/www.diebuntenfinger.at\/home\/wp-json\/wp\/v2\/comments?post=54"}],"version-history":[{"count":9,"href":"https:\/\/www.diebuntenfinger.at\/home\/wp-json\/wp\/v2\/pages\/54\/revisions"}],"predecessor-version":[{"id":462,"href":"https:\/\/www.diebuntenfinger.at\/home\/wp-json\/wp\/v2\/pages\/54\/revisions\/462"}],"wp:attachment":[{"href":"https:\/\/www.diebuntenfinger.at\/home\/wp-json\/wp\/v2\/media?parent=54"}],"curies":[{"name":"wp","href":"https:\/\/api.w.org\/{rel}","templated":true}]}}